{"id":77,"date":"2021-01-14T19:39:07","date_gmt":"2021-01-14T19:39:07","guid":{"rendered":"http:\/\/www.ocenovani-veteranu.cz\/index.php\/destination\/"},"modified":"2021-04-19T09:01:04","modified_gmt":"2021-04-19T09:01:04","slug":"reference","status":"publish","type":"page","link":"https:\/\/www.ocenovani-veteranu.cz\/index.php\/reference\/","title":{"rendered":"Reference"},"content":{"rendered":"\n<h2>Porsche 356 C 1600 SC<\/h2>\n\n\n\n<p>Rok v\u00fdroby 1964, vzduchem chlazen\u00fd \u010dty\u0159v\u00e1lec 1582ccm, max. v\u00fdkon 90PS\/66kW,&nbsp; pohon zadn\u00ed n\u00e1pravy, barva 6205 champagne yellow<\/p>\n\n\n\n<figure class=\"wp-block-gallery columns-3 is-cropped\"><ul class=\"blocks-gallery-grid\"><li class=\"blocks-gallery-item\"><figure><img loading=\"lazy\" width=\"1024\" height=\"683\" src=\"http:\/\/www.ocenovani-veteranu.cz\/wp-content\/uploads\/2021\/04\/IMG_2136-1024x683.jpg\" alt=\"\" data-id=\"232\" data-link=\"http:\/\/www.ocenovani-veteranu.cz\/index.php\/destination\/img_2136\/\" class=\"wp-image-232\" srcset=\"https:\/\/www.ocenovani-veteranu.cz\/wp-content\/uploads\/2021\/04\/IMG_2136-1024x683.jpg 1024w, https:\/\/www.ocenovani-veteranu.cz\/wp-content\/uploads\/2021\/04\/IMG_2136-300x200.jpg 300w, https:\/\/www.ocenovani-veteranu.cz\/wp-content\/uploads\/2021\/04\/IMG_2136-768x512.jpg 768w, https:\/\/www.ocenovani-veteranu.cz\/wp-content\/uploads\/2021\/04\/IMG_2136-1536x1024.jpg 1536w, https:\/\/www.ocenovani-veteranu.cz\/wp-content\/uploads\/2021\/04\/IMG_2136-2048x1365.jpg 2048w, https:\/\/www.ocenovani-veteranu.cz\/wp-content\/uploads\/2021\/04\/IMG_2136-90x60.jpg 90w\" sizes=\"(max-width: 1024px) 100vw, 1024px\" \/><\/figure><\/li><li class=\"blocks-gallery-item\"><figure><img loading=\"lazy\" width=\"1024\" height=\"683\" src=\"http:\/\/www.ocenovani-veteranu.cz\/wp-content\/uploads\/2021\/04\/IMG_2138-1024x683.jpg\" alt=\"\" data-id=\"233\" data-link=\"http:\/\/www.ocenovani-veteranu.cz\/index.php\/destination\/img_2138\/\" class=\"wp-image-233\" srcset=\"https:\/\/www.ocenovani-veteranu.cz\/wp-content\/uploads\/2021\/04\/IMG_2138-1024x683.jpg 1024w, https:\/\/www.ocenovani-veteranu.cz\/wp-content\/uploads\/2021\/04\/IMG_2138-300x200.jpg 300w, https:\/\/www.ocenovani-veteranu.cz\/wp-content\/uploads\/2021\/04\/IMG_2138-768x512.jpg 768w, https:\/\/www.ocenovani-veteranu.cz\/wp-content\/uploads\/2021\/04\/IMG_2138-1536x1024.jpg 1536w, https:\/\/www.ocenovani-veteranu.cz\/wp-content\/uploads\/2021\/04\/IMG_2138-2048x1365.jpg 2048w, https:\/\/www.ocenovani-veteranu.cz\/wp-content\/uploads\/2021\/04\/IMG_2138-90x60.jpg 90w\" sizes=\"(max-width: 1024px) 100vw, 1024px\" \/><\/figure><\/li><li class=\"blocks-gallery-item\"><figure><img loading=\"lazy\" width=\"1024\" height=\"683\" src=\"http:\/\/www.ocenovani-veteranu.cz\/wp-content\/uploads\/2021\/04\/IMG_2139-1024x683.jpg\" alt=\"\" data-id=\"234\" data-link=\"http:\/\/www.ocenovani-veteranu.cz\/index.php\/destination\/img_2139\/\" class=\"wp-image-234\" srcset=\"https:\/\/www.ocenovani-veteranu.cz\/wp-content\/uploads\/2021\/04\/IMG_2139-1024x683.jpg 1024w, https:\/\/www.ocenovani-veteranu.cz\/wp-content\/uploads\/2021\/04\/IMG_2139-300x200.jpg 300w, https:\/\/www.ocenovani-veteranu.cz\/wp-content\/uploads\/2021\/04\/IMG_2139-768x512.jpg 768w, https:\/\/www.ocenovani-veteranu.cz\/wp-content\/uploads\/2021\/04\/IMG_2139-1536x1024.jpg 1536w, https:\/\/www.ocenovani-veteranu.cz\/wp-content\/uploads\/2021\/04\/IMG_2139-2048x1365.jpg 2048w, https:\/\/www.ocenovani-veteranu.cz\/wp-content\/uploads\/2021\/04\/IMG_2139-90x60.jpg 90w\" sizes=\"(max-width: 1024px) 100vw, 1024px\" \/><\/figure><\/li><li class=\"blocks-gallery-item\"><figure><img loading=\"lazy\" width=\"1024\" height=\"683\" src=\"http:\/\/www.ocenovani-veteranu.cz\/wp-content\/uploads\/2021\/04\/IMG_2141-1024x683.jpg\" alt=\"\" data-id=\"235\" data-link=\"http:\/\/www.ocenovani-veteranu.cz\/index.php\/destination\/img_2141\/\" class=\"wp-image-235\" srcset=\"https:\/\/www.ocenovani-veteranu.cz\/wp-content\/uploads\/2021\/04\/IMG_2141-1024x683.jpg 1024w, https:\/\/www.ocenovani-veteranu.cz\/wp-content\/uploads\/2021\/04\/IMG_2141-300x200.jpg 300w, https:\/\/www.ocenovani-veteranu.cz\/wp-content\/uploads\/2021\/04\/IMG_2141-768x512.jpg 768w, https:\/\/www.ocenovani-veteranu.cz\/wp-content\/uploads\/2021\/04\/IMG_2141-1536x1024.jpg 1536w, https:\/\/www.ocenovani-veteranu.cz\/wp-content\/uploads\/2021\/04\/IMG_2141-2048x1365.jpg 2048w, https:\/\/www.ocenovani-veteranu.cz\/wp-content\/uploads\/2021\/04\/IMG_2141-90x60.jpg 90w\" sizes=\"(max-width: 1024px) 100vw, 1024px\" \/><\/figure><\/li><li class=\"blocks-gallery-item\"><figure><img loading=\"lazy\" width=\"1024\" height=\"683\" src=\"http:\/\/www.ocenovani-veteranu.cz\/wp-content\/uploads\/2021\/04\/IMG_2150-1024x683.jpg\" alt=\"\" data-id=\"243\" data-link=\"http:\/\/www.ocenovani-veteranu.cz\/index.php\/destination\/img_2150\/\" class=\"wp-image-243\" srcset=\"https:\/\/www.ocenovani-veteranu.cz\/wp-content\/uploads\/2021\/04\/IMG_2150-1024x683.jpg 1024w, https:\/\/www.ocenovani-veteranu.cz\/wp-content\/uploads\/2021\/04\/IMG_2150-300x200.jpg 300w, https:\/\/www.ocenovani-veteranu.cz\/wp-content\/uploads\/2021\/04\/IMG_2150-768x512.jpg 768w, https:\/\/www.ocenovani-veteranu.cz\/wp-content\/uploads\/2021\/04\/IMG_2150-1536x1024.jpg 1536w, https:\/\/www.ocenovani-veteranu.cz\/wp-content\/uploads\/2021\/04\/IMG_2150-2048x1365.jpg 2048w, https:\/\/www.ocenovani-veteranu.cz\/wp-content\/uploads\/2021\/04\/IMG_2150-90x60.jpg 90w\" sizes=\"(max-width: 1024px) 100vw, 1024px\" \/><\/figure><\/li><li class=\"blocks-gallery-item\"><figure><img loading=\"lazy\" width=\"1024\" height=\"683\" src=\"http:\/\/www.ocenovani-veteranu.cz\/wp-content\/uploads\/2021\/04\/IMG_2151-1024x683.jpg\" alt=\"\" data-id=\"244\" data-link=\"http:\/\/www.ocenovani-veteranu.cz\/index.php\/destination\/img_2151\/\" class=\"wp-image-244\" srcset=\"https:\/\/www.ocenovani-veteranu.cz\/wp-content\/uploads\/2021\/04\/IMG_2151-1024x683.jpg 1024w, https:\/\/www.ocenovani-veteranu.cz\/wp-content\/uploads\/2021\/04\/IMG_2151-300x200.jpg 300w, https:\/\/www.ocenovani-veteranu.cz\/wp-content\/uploads\/2021\/04\/IMG_2151-768x512.jpg 768w, https:\/\/www.ocenovani-veteranu.cz\/wp-content\/uploads\/2021\/04\/IMG_2151-1536x1024.jpg 1536w, https:\/\/www.ocenovani-veteranu.cz\/wp-content\/uploads\/2021\/04\/IMG_2151-2048x1365.jpg 2048w, https:\/\/www.ocenovani-veteranu.cz\/wp-content\/uploads\/2021\/04\/IMG_2151-90x60.jpg 90w\" sizes=\"(max-width: 1024px) 100vw, 1024px\" \/><\/figure><\/li><li class=\"blocks-gallery-item\"><figure><img loading=\"lazy\" width=\"1024\" height=\"843\" src=\"https:\/\/www.ocenovani-veteranu.cz\/wp-content\/uploads\/2021\/04\/Picture2-1024x843.png\" alt=\"\" data-id=\"277\" data-full-url=\"https:\/\/www.ocenovani-veteranu.cz\/wp-content\/uploads\/2021\/04\/Picture2.png\" data-link=\"https:\/\/www.ocenovani-veteranu.cz\/index.php\/destination\/picture2\/\" class=\"wp-image-277\" srcset=\"https:\/\/www.ocenovani-veteranu.cz\/wp-content\/uploads\/2021\/04\/Picture2-1024x843.png 1024w, https:\/\/www.ocenovani-veteranu.cz\/wp-content\/uploads\/2021\/04\/Picture2-300x247.png 300w, https:\/\/www.ocenovani-veteranu.cz\/wp-content\/uploads\/2021\/04\/Picture2-768x632.png 768w, https:\/\/www.ocenovani-veteranu.cz\/wp-content\/uploads\/2021\/04\/Picture2-73x60.png 73w, https:\/\/www.ocenovani-veteranu.cz\/wp-content\/uploads\/2021\/04\/Picture2.png 1320w\" sizes=\"(max-width: 1024px) 100vw, 1024px\" \/><\/figure><\/li><\/ul><\/figure>\n\n\n\n<h2>Porsche 911 TURBO<\/h2>\n\n\n\n<p>Rok v\u00fdroby 1979, vzduchem chlazen\u00fd \u0161estiv\u00e1lec 3299ccm, max. v\u00fdkon 300PS\/221kW,&nbsp; pohon zadn\u00ed n\u00e1pravy, barva b\u00edl\u00e1<\/p>\n\n\n\n<figure class=\"wp-block-gallery columns-3 is-cropped\"><ul class=\"blocks-gallery-grid\"><li class=\"blocks-gallery-item\"><figure><img loading=\"lazy\" width=\"1024\" height=\"683\" src=\"https:\/\/www.ocenovani-veteranu.cz\/wp-content\/uploads\/2021\/04\/IMG_2176-1024x683.jpg\" alt=\"\" data-id=\"290\" data-full-url=\"https:\/\/www.ocenovani-veteranu.cz\/wp-content\/uploads\/2021\/04\/IMG_2176-scaled.jpg\" data-link=\"https:\/\/www.ocenovani-veteranu.cz\/index.php\/destination\/img_2176\/\" class=\"wp-image-290\" srcset=\"https:\/\/www.ocenovani-veteranu.cz\/wp-content\/uploads\/2021\/04\/IMG_2176-1024x683.jpg 1024w, https:\/\/www.ocenovani-veteranu.cz\/wp-content\/uploads\/2021\/04\/IMG_2176-300x200.jpg 300w, https:\/\/www.ocenovani-veteranu.cz\/wp-content\/uploads\/2021\/04\/IMG_2176-768x512.jpg 768w, https:\/\/www.ocenovani-veteranu.cz\/wp-content\/uploads\/2021\/04\/IMG_2176-1536x1024.jpg 1536w, https:\/\/www.ocenovani-veteranu.cz\/wp-content\/uploads\/2021\/04\/IMG_2176-2048x1365.jpg 2048w, https:\/\/www.ocenovani-veteranu.cz\/wp-content\/uploads\/2021\/04\/IMG_2176-90x60.jpg 90w\" sizes=\"(max-width: 1024px) 100vw, 1024px\" \/><\/figure><\/li><li class=\"blocks-gallery-item\"><figure><img loading=\"lazy\" width=\"1024\" height=\"683\" src=\"https:\/\/www.ocenovani-veteranu.cz\/wp-content\/uploads\/2021\/04\/IMG_2177-1024x683.jpg\" alt=\"\" data-id=\"291\" data-full-url=\"https:\/\/www.ocenovani-veteranu.cz\/wp-content\/uploads\/2021\/04\/IMG_2177-scaled.jpg\" data-link=\"https:\/\/www.ocenovani-veteranu.cz\/index.php\/destination\/img_2177\/\" class=\"wp-image-291\" srcset=\"https:\/\/www.ocenovani-veteranu.cz\/wp-content\/uploads\/2021\/04\/IMG_2177-1024x683.jpg 1024w, https:\/\/www.ocenovani-veteranu.cz\/wp-content\/uploads\/2021\/04\/IMG_2177-300x200.jpg 300w, https:\/\/www.ocenovani-veteranu.cz\/wp-content\/uploads\/2021\/04\/IMG_2177-768x512.jpg 768w, https:\/\/www.ocenovani-veteranu.cz\/wp-content\/uploads\/2021\/04\/IMG_2177-1536x1024.jpg 1536w, https:\/\/www.ocenovani-veteranu.cz\/wp-content\/uploads\/2021\/04\/IMG_2177-2048x1365.jpg 2048w, https:\/\/www.ocenovani-veteranu.cz\/wp-content\/uploads\/2021\/04\/IMG_2177-90x60.jpg 90w\" sizes=\"(max-width: 1024px) 100vw, 1024px\" \/><\/figure><\/li><li class=\"blocks-gallery-item\"><figure><img loading=\"lazy\" width=\"1024\" height=\"683\" src=\"https:\/\/www.ocenovani-veteranu.cz\/wp-content\/uploads\/2021\/04\/IMG_2182-1024x683.jpg\" alt=\"\" data-id=\"292\" data-full-url=\"https:\/\/www.ocenovani-veteranu.cz\/wp-content\/uploads\/2021\/04\/IMG_2182-scaled.jpg\" data-link=\"https:\/\/www.ocenovani-veteranu.cz\/index.php\/destination\/img_2182\/\" class=\"wp-image-292\" srcset=\"https:\/\/www.ocenovani-veteranu.cz\/wp-content\/uploads\/2021\/04\/IMG_2182-1024x683.jpg 1024w, https:\/\/www.ocenovani-veteranu.cz\/wp-content\/uploads\/2021\/04\/IMG_2182-300x200.jpg 300w, https:\/\/www.ocenovani-veteranu.cz\/wp-content\/uploads\/2021\/04\/IMG_2182-768x512.jpg 768w, https:\/\/www.ocenovani-veteranu.cz\/wp-content\/uploads\/2021\/04\/IMG_2182-1536x1024.jpg 1536w, https:\/\/www.ocenovani-veteranu.cz\/wp-content\/uploads\/2021\/04\/IMG_2182-2048x1365.jpg 2048w, https:\/\/www.ocenovani-veteranu.cz\/wp-content\/uploads\/2021\/04\/IMG_2182-90x60.jpg 90w\" sizes=\"(max-width: 1024px) 100vw, 1024px\" \/><\/figure><\/li><li class=\"blocks-gallery-item\"><figure><img loading=\"lazy\" width=\"1024\" height=\"683\" src=\"https:\/\/www.ocenovani-veteranu.cz\/wp-content\/uploads\/2021\/04\/IMG_2180-Copy-1024x683.jpg\" alt=\"\" data-id=\"296\" data-full-url=\"https:\/\/www.ocenovani-veteranu.cz\/wp-content\/uploads\/2021\/04\/IMG_2180-Copy-scaled.jpg\" data-link=\"https:\/\/www.ocenovani-veteranu.cz\/index.php\/destination\/img_2180-copy\/\" class=\"wp-image-296\" srcset=\"https:\/\/www.ocenovani-veteranu.cz\/wp-content\/uploads\/2021\/04\/IMG_2180-Copy-1024x683.jpg 1024w, https:\/\/www.ocenovani-veteranu.cz\/wp-content\/uploads\/2021\/04\/IMG_2180-Copy-300x200.jpg 300w, https:\/\/www.ocenovani-veteranu.cz\/wp-content\/uploads\/2021\/04\/IMG_2180-Copy-768x512.jpg 768w, https:\/\/www.ocenovani-veteranu.cz\/wp-content\/uploads\/2021\/04\/IMG_2180-Copy-1536x1024.jpg 1536w, https:\/\/www.ocenovani-veteranu.cz\/wp-content\/uploads\/2021\/04\/IMG_2180-Copy-2048x1365.jpg 2048w, https:\/\/www.ocenovani-veteranu.cz\/wp-content\/uploads\/2021\/04\/IMG_2180-Copy-90x60.jpg 90w\" sizes=\"(max-width: 1024px) 100vw, 1024px\" \/><\/figure><\/li><li class=\"blocks-gallery-item\"><figure><img loading=\"lazy\" width=\"1024\" height=\"683\" src=\"https:\/\/www.ocenovani-veteranu.cz\/wp-content\/uploads\/2021\/04\/IMG_2214-1024x683.jpg\" alt=\"\" data-id=\"294\" data-full-url=\"https:\/\/www.ocenovani-veteranu.cz\/wp-content\/uploads\/2021\/04\/IMG_2214-scaled.jpg\" data-link=\"https:\/\/www.ocenovani-veteranu.cz\/index.php\/destination\/img_2214\/\" class=\"wp-image-294\" srcset=\"https:\/\/www.ocenovani-veteranu.cz\/wp-content\/uploads\/2021\/04\/IMG_2214-1024x683.jpg 1024w, https:\/\/www.ocenovani-veteranu.cz\/wp-content\/uploads\/2021\/04\/IMG_2214-300x200.jpg 300w, https:\/\/www.ocenovani-veteranu.cz\/wp-content\/uploads\/2021\/04\/IMG_2214-768x512.jpg 768w, https:\/\/www.ocenovani-veteranu.cz\/wp-content\/uploads\/2021\/04\/IMG_2214-1536x1024.jpg 1536w, https:\/\/www.ocenovani-veteranu.cz\/wp-content\/uploads\/2021\/04\/IMG_2214-2048x1365.jpg 2048w, https:\/\/www.ocenovani-veteranu.cz\/wp-content\/uploads\/2021\/04\/IMG_2214-90x60.jpg 90w\" sizes=\"(max-width: 1024px) 100vw, 1024px\" \/><\/figure><\/li><li class=\"blocks-gallery-item\"><figure><img loading=\"lazy\" width=\"1024\" height=\"683\" src=\"https:\/\/www.ocenovani-veteranu.cz\/wp-content\/uploads\/2021\/04\/IMG_2199-1024x683.jpg\" alt=\"\" data-id=\"295\" data-full-url=\"https:\/\/www.ocenovani-veteranu.cz\/wp-content\/uploads\/2021\/04\/IMG_2199-scaled.jpg\" data-link=\"https:\/\/www.ocenovani-veteranu.cz\/index.php\/destination\/img_2199\/\" class=\"wp-image-295\" srcset=\"https:\/\/www.ocenovani-veteranu.cz\/wp-content\/uploads\/2021\/04\/IMG_2199-1024x683.jpg 1024w, https:\/\/www.ocenovani-veteranu.cz\/wp-content\/uploads\/2021\/04\/IMG_2199-300x200.jpg 300w, https:\/\/www.ocenovani-veteranu.cz\/wp-content\/uploads\/2021\/04\/IMG_2199-768x512.jpg 768w, https:\/\/www.ocenovani-veteranu.cz\/wp-content\/uploads\/2021\/04\/IMG_2199-1536x1024.jpg 1536w, https:\/\/www.ocenovani-veteranu.cz\/wp-content\/uploads\/2021\/04\/IMG_2199-2048x1365.jpg 2048w, https:\/\/www.ocenovani-veteranu.cz\/wp-content\/uploads\/2021\/04\/IMG_2199-90x60.jpg 90w\" sizes=\"(max-width: 1024px) 100vw, 1024px\" \/><\/figure><\/li><li class=\"blocks-gallery-item\"><figure><img loading=\"lazy\" width=\"1024\" height=\"859\" src=\"https:\/\/www.ocenovani-veteranu.cz\/wp-content\/uploads\/2021\/04\/Picture1-1-1024x859.png\" alt=\"\" data-id=\"297\" data-full-url=\"https:\/\/www.ocenovani-veteranu.cz\/wp-content\/uploads\/2021\/04\/Picture1-1.png\" data-link=\"https:\/\/www.ocenovani-veteranu.cz\/index.php\/destination\/picture1-1\/\" class=\"wp-image-297\" srcset=\"https:\/\/www.ocenovani-veteranu.cz\/wp-content\/uploads\/2021\/04\/Picture1-1-1024x859.png 1024w, https:\/\/www.ocenovani-veteranu.cz\/wp-content\/uploads\/2021\/04\/Picture1-1-300x252.png 300w, https:\/\/www.ocenovani-veteranu.cz\/wp-content\/uploads\/2021\/04\/Picture1-1-768x644.png 768w, https:\/\/www.ocenovani-veteranu.cz\/wp-content\/uploads\/2021\/04\/Picture1-1-72x60.png 72w, https:\/\/www.ocenovani-veteranu.cz\/wp-content\/uploads\/2021\/04\/Picture1-1.png 1042w\" sizes=\"(max-width: 1024px) 100vw, 1024px\" \/><\/figure><\/li><\/ul><\/figure>\n","protected":false},"excerpt":{"rendered":"<p>Porsche 356 C 1600 SC Rok v\u00fdroby 1964, vzduchem chlazen\u00fd \u010dty\u0159v\u00e1lec 1582ccm, max. v\u00fdkon 90PS\/66kW,&nbsp; pohon zadn\u00ed n\u00e1pravy, barva 6205 champagne yellow Porsche 911 TURBO Rok v\u00fdroby 1979, vzduchem chlazen\u00fd \u0161estiv\u00e1lec 3299ccm, max. v\u00fdkon 300PS\/221kW,&nbsp; pohon zadn\u00ed n\u00e1pravy, barva b\u00edl\u00e1<\/p>\n","protected":false},"author":1,"featured_media":0,"parent":0,"menu_order":0,"comment_status":"closed","ping_status":"closed","template":"templates\/template-destination.php","meta":[],"_links":{"self":[{"href":"https:\/\/www.ocenovani-veteranu.cz\/index.php\/wp-json\/wp\/v2\/pages\/77"}],"collection":[{"href":"https:\/\/www.ocenovani-veteranu.cz\/index.php\/wp-json\/wp\/v2\/pages"}],"about":[{"href":"https:\/\/www.ocenovani-veteranu.cz\/index.php\/wp-json\/wp\/v2\/types\/page"}],"author":[{"embeddable":true,"href":"https:\/\/www.ocenovani-veteranu.cz\/index.php\/wp-json\/wp\/v2\/users\/1"}],"replies":[{"embeddable":true,"href":"https:\/\/www.ocenovani-veteranu.cz\/index.php\/wp-json\/wp\/v2\/comments?post=77"}],"version-history":[{"count":4,"href":"https:\/\/www.ocenovani-veteranu.cz\/index.php\/wp-json\/wp\/v2\/pages\/77\/revisions"}],"predecessor-version":[{"id":299,"href":"https:\/\/www.ocenovani-veteranu.cz\/index.php\/wp-json\/wp\/v2\/pages\/77\/revisions\/299"}],"wp:attachment":[{"href":"https:\/\/www.ocenovani-veteranu.cz\/index.php\/wp-json\/wp\/v2\/media?parent=77"}],"curies":[{"name":"wp","href":"https:\/\/api.w.org\/{rel}","templated":true}]}}